{"id":6679,"date":"2022-03-12T16:55:57","date_gmt":"2022-03-12T16:55:57","guid":{"rendered":"https:\/\/regulationsmedizin.de\/?page_id=6679"},"modified":"2022-03-12T16:59:06","modified_gmt":"2022-03-12T16:59:06","slug":"impressu","status":"publish","type":"page","link":"https:\/\/regulationsmedizin.de\/?page_id=6679","title":{"rendered":"Impressum"},"content":{"rendered":"\n<h1 class=\"wp-block-heading\"><\/h1>\n\n\n\n<h2 class=\"wp-block-heading\">Angaben gem\u00e4\u00df \u00a7 5 TMG<\/h2>\n\n\n\n<p>Arne Str\u00f6hlein<br>Akademie f\u00fcr Regulationsmedizin<br>B\u00fcrgerstra\u00dfe 46<br>37073 G\u00f6ttingen<\/p>\n\n\n\n<h2 class=\"wp-block-heading\">Kontakt<\/h2>\n\n\n\n<p>Telefon: [Telefonnummer]<br>E-Mail: praxis@dr-stroehlein.d<\/p>\n\n\n\n<h2 class=\"wp-block-heading\">Umsatzsteuer-ID<\/h2>\n\n\n\n<p>Umsatzsteuer-Identifikationsnummer gem\u00e4\u00df \u00a7 27 a Umsatzsteuergesetz:<br>St. Nr. 20\/143\/23881<\/p>\n\n\n\n<h2 class=\"wp-block-heading\">Redaktionell verantwortlich<\/h2>\n\n\n\n<p>Dr. Arne Str\u00f6hlein<br>B\u00fcrgerstr. 46<br>37073 G\u00f6ttingen<\/p>\n\n\n\n<h2 class=\"wp-block-heading\">EU-Streitschlichtung<\/h2>\n\n\n\n<p>Die Europ\u00e4ische Kommission stellt eine Plattform zur Online-Streitbeilegung (OS) bereit: <a href=\"https:\/\/ec.europa.eu\/consumers\/odr\/\" target=\"_blank\" rel=\"noreferrer noopener\">https:\/\/ec.europa.eu\/consumers\/odr\/<\/a>.<br>Unsere E-Mail-Adresse finden Sie oben im Impressum.<\/p>\n\n\n\n<h2 class=\"wp-block-heading\">Verbraucher\u00adstreit\u00adbeilegung\/Universal\u00adschlichtungs\u00adstelle<\/h2>\n\n\n\n<p>Wir sind nicht bereit oder verpflichtet, an Streitbeilegungsverfahren vor einer Verbraucherschlichtungsstelle teilzunehmen.<\/p>\n","protected":false},"excerpt":{"rendered":"<p>Angaben gem\u00e4\u00df \u00a7 5 TMG Arne Str\u00f6hleinAkademie f\u00fcr RegulationsmedizinB\u00fcrgerstra\u00dfe 4637073 G\u00f6ttingen Kontakt Telefon: [Telefonnummer]E-Mail: praxis@dr-stroehlein.d Umsatzsteuer-ID Umsatzsteuer-Identifikationsnummer gem\u00e4\u00df \u00a7 27 a Umsatzsteuergesetz:St. Nr. 20\/143\/23881 Redaktionell verantwortlich Dr. Arne Str\u00f6hleinB\u00fcrgerstr. 4637073 G\u00f6ttingen EU-Streitschlichtung Die Europ\u00e4ische Kommission stellt eine Plattform zur Online-Streitbeilegung (OS) bereit: https:\/\/ec.europa.eu\/consumers\/odr\/.Unsere E-Mail-Adresse finden Sie oben im Impressum. Verbraucher\u00adstreit\u00adbeilegung\/Universal\u00adschlichtungs\u00adstelle Wir sind nicht bereit oder [&hellip;]<\/p>\n","protected":false},"author":1,"featured_media":0,"parent":0,"menu_order":0,"comment_status":"closed","ping_status":"closed","template":"","meta":{"footnotes":""},"class_list":["post-6679","page","type-page","status-publish","hentry"],"_links":{"self":[{"href":"https:\/\/regulationsmedizin.de\/index.php?rest_route=\/wp\/v2\/pages\/6679","targetHints":{"allow":["GET"]}}],"collection":[{"href":"https:\/\/regulationsmedizin.de\/index.php?rest_route=\/wp\/v2\/pages"}],"about":[{"href":"https:\/\/regulationsmedizin.de\/index.php?rest_route=\/wp\/v2\/types\/page"}],"author":[{"embeddable":true,"href":"https:\/\/regulationsmedizin.de\/index.php?rest_route=\/wp\/v2\/users\/1"}],"replies":[{"embeddable":true,"href":"https:\/\/regulationsmedizin.de\/index.php?rest_route=%2Fwp%2Fv2%2Fcomments&post=6679"}],"version-history":[{"count":3,"href":"https:\/\/regulationsmedizin.de\/index.php?rest_route=\/wp\/v2\/pages\/6679\/revisions"}],"predecessor-version":[{"id":6683,"href":"https:\/\/regulationsmedizin.de\/index.php?rest_route=\/wp\/v2\/pages\/6679\/revisions\/6683"}],"wp:attachment":[{"href":"https:\/\/regulationsmedizin.de\/index.php?rest_route=%2Fwp%2Fv2%2Fmedia&parent=6679"}],"curies":[{"name":"wp","href":"https:\/\/api.w.org\/{rel}","templated":true}]}}